{"id":9131,"date":"2024-10-04T10:02:55","date_gmt":"2024-10-04T14:02:55","guid":{"rendered":"https:\/\/wildlifeoutaouais.com\/?page_id=9131"},"modified":"2024-10-11T11:18:43","modified_gmt":"2024-10-11T15:18:43","slug":"inspection","status":"publish","type":"page","link":"https:\/\/wildlifeoutaouais.com\/en\/inspection\/","title":{"rendered":"Inspection"},"content":{"rendered":"<section class=\"bde-section-9131-100 bde-section\">\n              \n  \n  \n\t\n\n  <div class=\"section-background-overlay\"><\/div>\n\n\n<div class=\"section-container\"><h1 class=\"bde-heading-9131-101 bde-heading\">\nInspection services\n<\/h1><\/div>\n<\/section><section class=\"bde-section-9131-102 bde-section\">\n  \n  \n\t\n\n\n\n<div class=\"section-container\"><div class=\"bde-columns-9131-103 bde-columns\"><div class=\"bde-column-9131-104 bde-column\">\n  \n  \n\t\n\n\n\n<h2 class=\"bde-heading-9131-105 bde-heading\">\nSecure your property with an inspection\n<\/h2><div class=\"bde-text-9131-106 bde-text\">\nEnsure the tranquility of your space by detecting pests before they take hold. Our meticulous inspections identify signs and potential access points, ensuring effective protection of your property.\n<\/div><h4 class=\"bde-heading-9131-107 bde-heading\">\nLeave nothing to chance: plan a complete inspection!\n<\/h4><div class=\"bde-button-9131-108 bde-button\">\n        \n    \n    \n    \n    \n            \n                    \n            \n            \n\n    \n    \n    \n    \n    \n    <a class=\"breakdance-link button-atom button-atom--custom bde-button__button\" href=\"\/en\/#nous-joindre\" target=\"_self\" data-type=\"url\"  >\n\n    \n        <span class=\"button-atom__text\">Contact us<\/span>\n\n        \n        \n                <\/a>\n\n    \n\n\n<\/div>\n<\/div><div class=\"bde-column-9131-109 bde-column\" data-entrance=\"slideRight\">\n  \n  \n\t\n\n\n\n<h4 class=\"bde-heading-9131-110 bde-heading\">\nSectors of activity\n<\/h4><div class=\"bde-icon-list-9131-111 bde-icon-list\">\n<ul>\n  \n              \n    <li>\n              <div class='bde-icon-list__item-wrapper'>\n      \n      <span class='bde-icon-list__icon' aria-hidden='true'>\n        <svg xmlns=\"http:\/\/www.w3.org\/2000\/svg\" width=\"18\" height=\"21\" viewbox=\"0 0 18 21\"><path d=\"M10.5,3.969,3.482,16H17.518L10.5,3.969M10.5,0,21,18H0Z\" transform=\"translate(18) rotate(90)\" fill=\"#eb5e28\"\/><\/svg>\n      <\/span>\n      <span class='bde-icon-list__text' >\n      Residential\n      <\/span>\n              <\/div>\n      \n    <\/li>\n\n  \n              \n    <li>\n              <div class='bde-icon-list__item-wrapper'>\n      \n      <span class='bde-icon-list__icon' aria-hidden='true'>\n        <svg xmlns=\"http:\/\/www.w3.org\/2000\/svg\" width=\"18\" height=\"21\" viewbox=\"0 0 18 21\"><path d=\"M10.5,3.969,3.482,16H17.518L10.5,3.969M10.5,0,21,18H0Z\" transform=\"translate(18) rotate(90)\" fill=\"#eb5e28\"\/><\/svg>\n      <\/span>\n      <span class='bde-icon-list__text' >\n      Commercial\n      <\/span>\n              <\/div>\n      \n    <\/li>\n\n  <\/ul>\n\n<\/div><div class=\"bde-image-9131-112 bde-image\">\n<figure class=\"breakdance-image breakdance-image--9075\">\n\t<div class=\"breakdance-image-container\">\n\t\t<div class=\"breakdance-image-clip\"><img loading=\"lazy\" decoding=\"async\" class=\"breakdance-image-object\" src=\"https:\/\/wildlifeoutaouais.com\/wp-content\/uploads\/2024\/09\/Mask-Group-1.png\" width=\"536\" height=\"441\" srcset=\"https:\/\/wildlifeoutaouais.com\/wp-content\/uploads\/2024\/09\/Mask-Group-1.png 536w, https:\/\/wildlifeoutaouais.com\/wp-content\/uploads\/2024\/09\/Mask-Group-1-300x247.png 300w, https:\/\/wildlifeoutaouais.com\/wp-content\/uploads\/2024\/09\/Mask-Group-1-15x12.png 15w\" sizes=\"auto, (max-width: 536px) 100vw, 536px\"><\/div>\n\t<\/div><\/figure>\n\n<\/div>\n<\/div><\/div><\/div>\n<\/section><section class=\"bde-section-9131-113 bde-section\">\n  \n  \n\t\n\n\n\n<div class=\"section-container\"><div class=\"bde-grid-9131-114 bde-grid\">\n  \n  \n\t\n\n\n\n<div class=\"bde-div-9131-115 bde-div\" data-entrance=\"slideLeft\">\n  \n  \n\t\n\n\n\n<h3 class=\"bde-heading-9131-116 bde-heading\">\nNew construction\n<\/h3><div class=\"bde-text-9131-117 bde-text\">\nProtect your new building from pests right from the start. Our preventive inspections identify entry points and ensure lasting protection.\n<\/div><h5 class=\"bde-heading-9131-118 bde-heading\">\nPrevent infestations from the outset\n<\/h5><div class=\"bde-icon-list-9131-119 bde-icon-list\">\n<ul>\n  \n              \n    <li>\n              <div class='bde-icon-list__item-wrapper'>\n      \n      <span class='bde-icon-list__icon' aria-hidden='true'>\n        <svg xmlns=\"http:\/\/www.w3.org\/2000\/svg\" width=\"18\" height=\"21\" viewbox=\"0 0 18 21\"><path d=\"M10.5,3.969,3.482,16H17.518L10.5,3.969M10.5,0,21,18H0Z\" transform=\"translate(18) rotate(90)\" fill=\"#eb5e28\"\/><\/svg>\n      <\/span>\n      <span class='bde-icon-list__text' >\n      Insulation\n      <\/span>\n              <\/div>\n      \n    <\/li>\n\n  \n              \n    <li>\n              <div class='bde-icon-list__item-wrapper'>\n      \n      <span class='bde-icon-list__icon' aria-hidden='true'>\n        <svg xmlns=\"http:\/\/www.w3.org\/2000\/svg\" width=\"18\" height=\"21\" viewbox=\"0 0 18 21\"><path d=\"M10.5,3.969,3.482,16H17.518L10.5,3.969M10.5,0,21,18H0Z\" transform=\"translate(18) rotate(90)\" fill=\"#eb5e28\"\/><\/svg>\n      <\/span>\n      <span class='bde-icon-list__text' >\n      Wooden structures\n      <\/span>\n              <\/div>\n      \n    <\/li>\n\n  \n              \n    <li>\n              <div class='bde-icon-list__item-wrapper'>\n      \n      <span class='bde-icon-list__icon' aria-hidden='true'>\n        <svg xmlns=\"http:\/\/www.w3.org\/2000\/svg\" width=\"18\" height=\"21\" viewbox=\"0 0 18 21\"><path d=\"M10.5,3.969,3.482,16H17.518L10.5,3.969M10.5,0,21,18H0Z\" transform=\"translate(18) rotate(90)\" fill=\"#eb5e28\"\/><\/svg>\n      <\/span>\n      <span class='bde-icon-list__text' >\n      Access points\n      <\/span>\n              <\/div>\n      \n    <\/li>\n\n  \n              \n    <li>\n              <div class='bde-icon-list__item-wrapper'>\n      \n      <span class='bde-icon-list__icon' aria-hidden='true'>\n        <svg xmlns=\"http:\/\/www.w3.org\/2000\/svg\" width=\"18\" height=\"21\" viewbox=\"0 0 18 21\"><path d=\"M10.5,3.969,3.482,16H17.518L10.5,3.969M10.5,0,21,18H0Z\" transform=\"translate(18) rotate(90)\" fill=\"#eb5e28\"\/><\/svg>\n      <\/span>\n      <span class='bde-icon-list__text' >\n      Outdoor environment\n      <\/span>\n              <\/div>\n      \n    <\/li>\n\n  \n              \n    <li>\n              <div class='bde-icon-list__item-wrapper'>\n      \n      <span class='bde-icon-list__icon' aria-hidden='true'>\n        <svg xmlns=\"http:\/\/www.w3.org\/2000\/svg\" width=\"18\" height=\"21\" viewbox=\"0 0 18 21\"><path d=\"M10.5,3.969,3.482,16H17.518L10.5,3.969M10.5,0,21,18H0Z\" transform=\"translate(18) rotate(90)\" fill=\"#eb5e28\"\/><\/svg>\n      <\/span>\n      <span class='bde-icon-list__text' >\n      Building envelope\n      <\/span>\n              <\/div>\n      \n    <\/li>\n\n  <\/ul>\n\n<\/div>\n<\/div><div class=\"bde-div-9131-120 bde-div\" data-entrance=\"slideUp\">\n  \n  \n\t\n\n\n\n<h3 class=\"bde-heading-9131-121 bde-heading\">\nPre-purchase \n<\/h3><div class=\"bde-text-9131-122 bde-text\">\nBefore you buy, check for pests with our pre-purchase inspection. We identify signs of pests, so you can make a decision with confidence.\n<\/div><h5 class=\"bde-heading-9131-123 bde-heading\">\nBuy with peace of mind\n<\/h5><div class=\"bde-icon-list-9131-124 bde-icon-list\">\n<ul>\n  \n              \n    <li>\n              <div class='bde-icon-list__item-wrapper'>\n      \n      <span class='bde-icon-list__icon' aria-hidden='true'>\n        <svg xmlns=\"http:\/\/www.w3.org\/2000\/svg\" width=\"18\" height=\"21\" viewbox=\"0 0 18 21\"><path d=\"M10.5,3.969,3.482,16H17.518L10.5,3.969M10.5,0,21,18H0Z\" transform=\"translate(18) rotate(90)\" fill=\"#eb5e28\"\/><\/svg>\n      <\/span>\n      <span class='bde-icon-list__text' >\n      Ensures informed decisions\n      <\/span>\n              <\/div>\n      \n    <\/li>\n\n  \n              \n    <li>\n              <div class='bde-icon-list__item-wrapper'>\n      \n      <span class='bde-icon-list__icon' aria-hidden='true'>\n        <svg xmlns=\"http:\/\/www.w3.org\/2000\/svg\" width=\"18\" height=\"21\" viewbox=\"0 0 18 21\"><path d=\"M10.5,3.969,3.482,16H17.518L10.5,3.969M10.5,0,21,18H0Z\" transform=\"translate(18) rotate(90)\" fill=\"#eb5e28\"\/><\/svg>\n      <\/span>\n      <span class='bde-icon-list__text' >\n      Negotiation assistance\n      <\/span>\n              <\/div>\n      \n    <\/li>\n\n  \n              \n    <li>\n              <div class='bde-icon-list__item-wrapper'>\n      \n      <span class='bde-icon-list__icon' aria-hidden='true'>\n        <svg xmlns=\"http:\/\/www.w3.org\/2000\/svg\" width=\"18\" height=\"21\" viewbox=\"0 0 18 21\"><path d=\"M10.5,3.969,3.482,16H17.518L10.5,3.969M10.5,0,21,18H0Z\" transform=\"translate(18) rotate(90)\" fill=\"#eb5e28\"\/><\/svg>\n      <\/span>\n      <span class='bde-icon-list__text' >\n      Limits unforeseen expenses\n      <\/span>\n              <\/div>\n      \n    <\/li>\n\n  \n              \n    <li>\n              <div class='bde-icon-list__item-wrapper'>\n      \n      <span class='bde-icon-list__icon' aria-hidden='true'>\n        <svg xmlns=\"http:\/\/www.w3.org\/2000\/svg\" width=\"18\" height=\"21\" viewbox=\"0 0 18 21\"><path d=\"M10.5,3.969,3.482,16H17.518L10.5,3.969M10.5,0,21,18H0Z\" transform=\"translate(18) rotate(90)\" fill=\"#eb5e28\"\/><\/svg>\n      <\/span>\n      <span class='bde-icon-list__text' >\n      Facilitates the development of an action plan\n      <\/span>\n              <\/div>\n      \n    <\/li>\n\n  \n              \n    <li>\n              <div class='bde-icon-list__item-wrapper'>\n      \n      <span class='bde-icon-list__icon' aria-hidden='true'>\n        <svg xmlns=\"http:\/\/www.w3.org\/2000\/svg\" width=\"18\" height=\"21\" viewbox=\"0 0 18 21\"><path d=\"M10.5,3.969,3.482,16H17.518L10.5,3.969M10.5,0,21,18H0Z\" transform=\"translate(18) rotate(90)\" fill=\"#eb5e28\"\/><\/svg>\n      <\/span>\n      <span class='bde-icon-list__text' >\n      Guarantees your protection\n      <\/span>\n              <\/div>\n      \n    <\/li>\n\n  <\/ul>\n\n<\/div>\n<\/div><div class=\"bde-div-9131-125 bde-div\" data-entrance=\"slideRight\">\n  \n  \n\t\n\n\n\n<h3 class=\"bde-heading-9131-126 bde-heading\">\nThermal camera\n<\/h3><div class=\"bde-text-9131-127 bde-text\">\nDetect invisible pests with our thermal imaging camera. This tool reveals variations in heat, enabling you to pinpoint areas prone to infestation.\n<\/div><h5 class=\"bde-heading-9131-128 bde-heading\">\nWhy choose this approach?\n<\/h5><div class=\"bde-icon-list-9131-129 bde-icon-list\">\n<ul>\n  \n              \n    <li>\n              <div class='bde-icon-list__item-wrapper'>\n      \n      <span class='bde-icon-list__icon' aria-hidden='true'>\n        <svg xmlns=\"http:\/\/www.w3.org\/2000\/svg\" width=\"18\" height=\"21\" viewbox=\"0 0 18 21\"><path d=\"M10.5,3.969,3.482,16H17.518L10.5,3.969M10.5,0,21,18H0Z\" transform=\"translate(18) rotate(90)\" fill=\"#eb5e28\"\/><\/svg>\n      <\/span>\n      <span class='bde-icon-list__text' >\n      Reduces air leakage\n      <\/span>\n              <\/div>\n      \n    <\/li>\n\n  \n              \n    <li>\n              <div class='bde-icon-list__item-wrapper'>\n      \n      <span class='bde-icon-list__icon' aria-hidden='true'>\n        <svg xmlns=\"http:\/\/www.w3.org\/2000\/svg\" width=\"18\" height=\"21\" viewbox=\"0 0 18 21\"><path d=\"M10.5,3.969,3.482,16H17.518L10.5,3.969M10.5,0,21,18H0Z\" transform=\"translate(18) rotate(90)\" fill=\"#eb5e28\"\/><\/svg>\n      <\/span>\n      <span class='bde-icon-list__text' >\n      Keeps rodents and insects out\n      <\/span>\n              <\/div>\n      \n    <\/li>\n\n  \n              \n    <li>\n              <div class='bde-icon-list__item-wrapper'>\n      \n      <span class='bde-icon-list__icon' aria-hidden='true'>\n        <svg xmlns=\"http:\/\/www.w3.org\/2000\/svg\" width=\"18\" height=\"21\" viewbox=\"0 0 18 21\"><path d=\"M10.5,3.969,3.482,16H17.518L10.5,3.969M10.5,0,21,18H0Z\" transform=\"translate(18) rotate(90)\" fill=\"#eb5e28\"\/><\/svg>\n      <\/span>\n      <span class='bde-icon-list__text' >\n      Creates an inhospitable environment for pests\n      <\/span>\n              <\/div>\n      \n    <\/li>\n\n  \n              \n    <li>\n              <div class='bde-icon-list__item-wrapper'>\n      \n      <span class='bde-icon-list__icon' aria-hidden='true'>\n        <svg xmlns=\"http:\/\/www.w3.org\/2000\/svg\" width=\"18\" height=\"21\" viewbox=\"0 0 18 21\"><path d=\"M10.5,3.969,3.482,16H17.518L10.5,3.969M10.5,0,21,18H0Z\" transform=\"translate(18) rotate(90)\" fill=\"#eb5e28\"\/><\/svg>\n      <\/span>\n      <span class='bde-icon-list__text' >\n      Reveals structural problems\n      <\/span>\n              <\/div>\n      \n    <\/li>\n\n  \n              \n    <li>\n              <div class='bde-icon-list__item-wrapper'>\n      \n      <span class='bde-icon-list__icon' aria-hidden='true'>\n        <svg xmlns=\"http:\/\/www.w3.org\/2000\/svg\" width=\"18\" height=\"21\" viewbox=\"0 0 18 21\"><path d=\"M10.5,3.969,3.482,16H17.518L10.5,3.969M10.5,0,21,18H0Z\" transform=\"translate(18) rotate(90)\" fill=\"#eb5e28\"\/><\/svg>\n      <\/span>\n      <span class='bde-icon-list__text' >\n      Makes it easier to plan repair work\n      <\/span>\n              <\/div>\n      \n    <\/li>\n\n  <\/ul>\n\n<\/div>\n<\/div>\n<\/div><\/div>\n<\/section><section class=\"bde-section-9131-130 bde-section\">\n  \n  \n\t\n\n\n\n<div class=\"section-container\"><h3 class=\"bde-heading-9131-131 bde-heading\">\nAll essential documents at your fingertips\n<\/h3><div class=\"bde-text-9131-132 bde-text\">\nGet all the documentation you need to effectively manage your situation. Our detailed inspection reports provide you with an overview, enabling you to build a clear action plan and make informed decisions to ensure the safety of your property.<br>\n<\/div><h5 class=\"bde-heading-9131-133 bde-heading\">\nUseful reports \n<\/h5><div class=\"bde-text-9131-134 bde-text\">\nPurchase costs | Warranty<br>\n<\/div><\/div>\n<\/section>","protected":false},"excerpt":{"rendered":"<p>Services d\u2019inspection S\u00e9curisez votre propri\u00e9t\u00e9 avec une inspection Assurez la tranquillit\u00e9 de votre espace en d\u00e9tectant les nuisibles avant qu\u2019ils ne s\u2019installent. Nos inspections minutieuses identifient les signes et les acc\u00e8s potentiels, pour garantir une protection efficace de votre propri\u00e9t\u00e9. Ne laissez rien au hasard : planifiez une inspection compl\u00e8te! Contactez-nous Secteurs d&rsquo;activit\u00e9 R\u00e9sidentiel Commercial [&hellip;]<\/p>\n","protected":false},"author":1,"featured_media":9136,"parent":0,"menu_order":0,"comment_status":"closed","ping_status":"closed","template":"","meta":{"_acf_changed":false,"_breakdance_hide_in_design_set":false,"_breakdance_tags":"","footnotes":""},"class_list":["post-9131","page","type-page","status-publish","has-post-thumbnail","hentry"],"acf":[],"_links":{"self":[{"href":"https:\/\/wildlifeoutaouais.com\/en\/wp-json\/wp\/v2\/pages\/9131","targetHints":{"allow":["GET"]}}],"collection":[{"href":"https:\/\/wildlifeoutaouais.com\/en\/wp-json\/wp\/v2\/pages"}],"about":[{"href":"https:\/\/wildlifeoutaouais.com\/en\/wp-json\/wp\/v2\/types\/page"}],"author":[{"embeddable":true,"href":"https:\/\/wildlifeoutaouais.com\/en\/wp-json\/wp\/v2\/users\/1"}],"replies":[{"embeddable":true,"href":"https:\/\/wildlifeoutaouais.com\/en\/wp-json\/wp\/v2\/comments?post=9131"}],"version-history":[{"count":5,"href":"https:\/\/wildlifeoutaouais.com\/en\/wp-json\/wp\/v2\/pages\/9131\/revisions"}],"predecessor-version":[{"id":9186,"href":"https:\/\/wildlifeoutaouais.com\/en\/wp-json\/wp\/v2\/pages\/9131\/revisions\/9186"}],"wp:featuredmedia":[{"embeddable":true,"href":"https:\/\/wildlifeoutaouais.com\/en\/wp-json\/wp\/v2\/media\/9136"}],"wp:attachment":[{"href":"https:\/\/wildlifeoutaouais.com\/en\/wp-json\/wp\/v2\/media?parent=9131"}],"curies":[{"name":"wp","href":"https:\/\/api.w.org\/{rel}","templated":true}]}}